{"id":59,"date":"2021-11-17T12:56:06","date_gmt":"2021-11-17T12:56:06","guid":{"rendered":"https:\/\/magische-nordlichter.de\/?page_id=59"},"modified":"2025-09-06T17:09:08","modified_gmt":"2025-09-06T15:09:08","slug":"ueber-uns","status":"publish","type":"page","link":"https:\/\/magische-nordlichter.de\/?page_id=59","title":{"rendered":"\u00dcber uns"},"content":{"rendered":"\n<h2 class=\"wp-block-heading\">Unser Vereinsleben<\/h2>\n\n\n\n<p class=\"about-p1\">Der Verein Magische Nordlichter e. V. wurde 1982 gegr\u00fcndet.<br>Wir wollten und wollen damit f\u00fcr alle Zauberinteressierte einen Rahmen schaffen, in dem wir uns austauschen und die Zauberkunst pflegen k\u00f6nnen. Bei uns kann jeder Mitglied werden, egal ob aktiver oder passiver Zauberk\u00fcnstler, Amateur oder Profi, Zauberhistoriker oder Sammler, \u2026<br>Daf\u00fcr ist keine Bewerbung, Aufnahmepr\u00fcfung, B\u00fcrgschaft oder \u00e4hnliches erforderlich. Und selbstverst\u00e4ndlich ist es auch m\u00f6glich, einfach mal reinzuschnuppern, bevor man sich f\u00fcr die Mitgliedschaft entscheidet.<br>Neben den fachlichen Themen legen wir viel Wert auf den menschlichen Zusammenhalt im Verein und wir f\u00fchren regelm\u00e4\u00dfig Veranstaltungen durch, zu denen Familie und Freunde unserer Mitglieder eingeladen sind.<br>Jedes Mitglied<\/p>\n\n\n\n<ul class=\"wp-block-list about-list\">\n<li>kann an allen Veranstaltungen der Magischen Nordlichter teilnehmen<\/li>\n\n\n\n<li>erh\u00e4lt regelm\u00e4\u00dfig den Rundbrief mit Nachlesen und Ank\u00fcndigungen zu unseren Veranstaltungen und allerlei Informationen rund um die Zauberkunst<\/li>\n\n\n\n<li>hat Zugang zu unserer Fachbibliothek<\/li>\n<\/ul>\n\n\n\n<h3 class=\"wp-block-heading\">Regelm\u00e4\u00dfige Veranstaltungen<\/h3>\n\n\n\n<p>Unsere Veranstaltungen finden in der Regel im <a href=\"https:\/\/buergerhaus-niendorf.de\/\" data-type=\"URL\" data-id=\"https:\/\/buergerhaus-niendorf.de\/\" target=\"_blank\" rel=\"noreferrer noopener\">Berenberg-Gossler-Haus<\/a> (B\u00fcrgerhaus Niendorf e.V.), Niendorfer Kirchenweg 17, 22459 Hamburg statt.<br>Das sch\u00f6ne B\u00fcrgerhaus ist nur 5 min Fu\u00dfweg von der U2-Station \u201eNiendorf Markt\u201c oder 5 min mit dem Auto von der A7-Abfahrt Schnelsen entfernt (<a href=\"https:\/\/goo.gl\/maps\/m1X2DvPtEaoYWtEz8\" data-type=\"URL\" data-id=\"https:\/\/goo.gl\/maps\/m1X2DvPtEaoYWtEz8\" target=\"_blank\" rel=\"noreferrer noopener\">Google-Maps<\/a>).<br>Besondere Veranstaltungen sind ggf. auch mal woanders. Bitte beachte die entsprechenden Hinweise auf der <a href=\"https:\/\/magische-nordlichter.de\/?page_id=124\" data-type=\"link\" data-id=\"https:\/\/magische-nordlichter.de\/?page_id=124\">Veranstaltungsseite<\/a>.<\/p>\n\n\n\n<h4 class=\"wp-block-heading\">Zauberlabor<\/h4>\n\n\n\n<p>Das Zauberlabor findet an jedem 2. und 4. Dienstag im Monat ab 19:00 Uhr statt.<br>Es ist ein eher informelles Treffen, bei dem jeder die Gelegenheit hat, neue Ideen auszuprobieren, Ratschl\u00e4ge einzuholen, seinen Vereinskollegen mit Rat und Tat zur Seite zu stehen oder einfach nur \u00fcber die (Zauber-)welt zu kl\u00f6nen. Bei den Treffen am 4. Dienstag des Monats tauschen wir uns \u00fcblicherweise zu einem zuvor verabredeten Thema aus, siehe Hinweise auf der Veranstaltungsseite.<\/p>\n\n\n\n<h4 class=\"wp-block-heading\">Monatstreffen<\/h4>\n\n\n\n<p>Das Monatstreffen findet \u00fcblicherweise am 3. Samstag im Monat ab 14:00 Uhr statt.<br>Nach einem kurzen Austausch \u00fcber allgemeine Geschehnisse in der Zauberwelt widmen wir uns einem bestimmten Thema, das zuvor im Rundbrief bzw. auf der Veranstaltungsseite angek\u00fcndigt wird. Das Monatsthema wird abwechselnd von verschiedenen Mitgliedern vorbereitet und oft live durch Beitr\u00e4ge von anderen Mitgliedern erg\u00e4nzt. Dabei versuchen wir die Themen m\u00f6glichst vielf\u00e4ltig zu gestalten: Kunstst\u00fccke mit Requisit XYZ, verschiedene Sparten der Zauberkunst, praktische \u00dcbungen und gelegentliche historische oder zaubertheoretische Abhandlungen. Neben dem Monatsthema nehmen wir uns auch immer ausreichend Zeit zum Schnacken und f\u00fcr Eckenzauberei.<br>Auf der Suche nach frischen Impulsen versuchen wir zudem, ein bis zwei Seminarleiter pro Jahr zu uns einzuladen.<\/p>\n\n\n\n<h4 class=\"wp-block-heading\">Vorstandssitzung<\/h4>\n\n\n\n<p>Wir m\u00f6chten unsere Vereinspolitik m\u00f6glichst transparent gestalten. Die Vorstandssitzungen sind daher f\u00fcr alle Mitglieder offen.<br>Die Sitzungen finden unregelm\u00e4\u00dfig per Zoom statt, die genauen Termine werden aber immer zuvor auf der Veranstaltungsseite ver\u00f6ffentlicht.<\/p>\n\n\n\n<h3 class=\"wp-block-heading\">Jahresbeitr\u00e4ge<\/h3>\n\n\n\n<p>Die Jahresbeitr\u00e4ge beziehen sich jeweils auf ein Kalenderjahr. Bei unterj\u00e4hrigem Vereinseintritt wird f\u00fcr das laufende Jahr ein entsprechender anteiliger Betrag festgelegt.<\/p>\n\n\n\n<table id=\"tablepress-3\" class=\"tablepress tablepress-id-3\">\n<thead>\n<tr class=\"row-1\">\n\t<th class=\"column-1\">Unsere Jahresbeitr\u00e4ge ab 01.Januar 2015<\/th><td class=\"column-2\"><\/td>\n<\/tr>\n<\/thead>\n<tbody class=\"row-striping row-hover\">\n<tr class=\"row-2\">\n\t<td class=\"column-1\">Erwachsene<\/td><td class=\"column-2\">70\u20ac<\/td>\n<\/tr>\n<tr class=\"row-3\">\n\t<td class=\"column-1\">Kinder und Jugendliche (bis 18 Jahre)<\/td><td class=\"column-2\">35\u20ac<\/td>\n<\/tr>\n<tr class=\"row-4\">\n\t<td class=\"column-1\">Weitere Familienangeh\u00f6rige<\/td><td class=\"column-2\">35\u20ac<\/td>\n<\/tr>\n<tr class=\"row-5\">\n\t<td class=\"column-1\">Ehrenmitglieder<\/td><td class=\"column-2\">frei<\/td>\n<\/tr>\n<\/tbody>\n<\/table>\n<!-- #tablepress-3 from cache -->\n\n\n\n<p>Die Beitr\u00e4ge sind jeweils im ersten Quartal des Jahres auf das Vereinskonto zu \u00fcberweisen:<\/p>\n\n\n\n<table id=\"tablepress-4\" class=\"tablepress tablepress-id-4\">\n<tbody class=\"row-hover\">\n<tr class=\"row-1\">\n\t<td class=\"column-1\">Kontoinhaber:<\/td><td class=\"column-2\">Magische Nordlichter e.V.<\/td>\n<\/tr>\n<tr class=\"row-2\">\n\t<td class=\"column-1\">Bank:<\/td><td class=\"column-2\">Hamburger Sparkasse<\/td>\n<\/tr>\n<tr class=\"row-3\">\n\t<td class=\"column-1\">IBAN:<\/td><td class=\"column-2\">DE 1920 0505 5015 0031 7993<\/td>\n<\/tr>\n<tr class=\"row-4\">\n\t<td class=\"column-1\">BIC:<\/td><td class=\"column-2\">HASPDEHHXXX<\/td>\n<\/tr>\n<\/tbody>\n<\/table>\n<!-- #tablepress-4 from cache -->\n\n\n\n<h3 class=\"wp-block-heading\">Vereinssatzung<\/h3>\n\n\n\n<p>Entsprechend des Vereinsrechts ist unsere Satzung im Vereinsregister des Amtsgerichts Hamburg (Registernummer VR 13421) eingetragen.<br>Dies ist die aktuelle Version: <div class=\"\"><a href=\"https:\/\/magische-nordlichter.de\/wp-content\/uploads\/2025\/09\/Satzung_Magische_Nordlichter.pdf\" target=\"_blank\" class=\"emd_dl_orange\">Download<\/a><\/div>    <style>            \r\n    .emd_dl_orange {\r\n        -moz-box-shadow:inset 0px 1px 0px 0px #fce2c1;\r\n        -webkit-box-shadow:inset 0px 1px 0px 0px #fce2c1;\r\n        box-shadow:inset 0px 1px 0px 0px #fce2c1;\r\n        background:-webkit-gradient( linear, left top, left bottom, color-stop(0.05, #ffc477), color-stop(1, #fb9e25) );\r\n        background:-moz-linear-gradient( center top, #ffc477 5%, #fb9e25 100% );\r\n        filter:progid:DXImageTransform.Microsoft.gradient(startColorstr='#ffc477', endColorstr='#fb9e25');\r\n        background-color:#ffc477;\r\n        -webkit-border-top-left-radius:0px;\r\n        -moz-border-radius-topleft:0px;\r\n        border-top-left-radius:0px;\r\n        -webkit-border-top-right-radius:0px;\r\n        -moz-border-radius-topright:0px;\r\n        border-top-right-radius:0px;\r\n        -webkit-border-bottom-right-radius:0px;\r\n        -moz-border-radius-bottomright:0px;\r\n        border-bottom-right-radius:0px;\r\n        -webkit-border-bottom-left-radius:0px;\r\n        -moz-border-radius-bottomleft:0px;\r\n        border-bottom-left-radius:0px;\r\n        text-indent:0;\r\n        border:1px solid #eeb44f;\r\n        display:inline-block;\r\n        color:#ffffff !important;\r\n        font-family:Georgia;\r\n        font-size:15px;\r\n        font-weight:bold;\r\n        font-style:normal;\r\n        height:41px;\r\n        line-height:41px;\r\n        width:153px;\r\n        text-decoration:none;\r\n        text-align:center;\r\n        text-shadow:1px 1px 0px #cc9f52;\r\n    }\r\n    .emd_dl_orange:hover {\r\n        background:-webkit-gradient( linear, left top, left bottom, color-stop(0.05, #fb9e25), color-stop(1, #ffc477) );\r\n        background:-moz-linear-gradient( center top, #fb9e25 5%, #ffc477 100% );\r\n        filter:progid:DXImageTransform.Microsoft.gradient(startColorstr='#fb9e25', endColorstr='#ffc477');\r\n        background-color:#fb9e25;\r\n    }.emd_dl_orange:active {\r\n        position:relative;\r\n        top:1px;\r\n    }<\/style><\/p>\n","protected":false},"excerpt":{"rendered":"<p>Unser Vereinsleben Der Verein Magische Nordlichter e. V. wurde 1982 gegr\u00fcndet.Wir wollten und wollen damit f\u00fcr alle Zauberinteressierte einen Rahmen schaffen, in dem wir uns austauschen und die Zauberkunst pflegen k\u00f6nnen. Bei uns kann jeder Mitglied werden, egal ob aktiver oder passiver Zauberk\u00fcnstler, Amateur oder Profi, Zauberhistoriker oder Sammler, \u2026Daf\u00fcr ist keine Bewerbung, Aufnahmepr\u00fcfung, B\u00fcrgschaft &hellip; <a href=\"https:\/\/magische-nordlichter.de\/?page_id=59\" class=\"more-link\"><span class=\"screen-reader-text\">\u201e\u00dcber uns\u201c <\/span>weiterlesen<\/a><\/p>\n","protected":false},"author":1,"featured_media":0,"parent":0,"menu_order":0,"comment_status":"closed","ping_status":"closed","template":"","meta":{"footnotes":""},"class_list":["post-59","page","type-page","status-publish","hentry"],"publishpress_future_workflow_manual_trigger":{"enabledWorkflows":[]},"_links":{"self":[{"href":"https:\/\/magische-nordlichter.de\/index.php?rest_route=\/wp\/v2\/pages\/59","targetHints":{"allow":["GET"]}}],"collection":[{"href":"https:\/\/magische-nordlichter.de\/index.php?rest_route=\/wp\/v2\/pages"}],"about":[{"href":"https:\/\/magische-nordlichter.de\/index.php?rest_route=\/wp\/v2\/types\/page"}],"author":[{"embeddable":true,"href":"https:\/\/magische-nordlichter.de\/index.php?rest_route=\/wp\/v2\/users\/1"}],"replies":[{"embeddable":true,"href":"https:\/\/magische-nordlichter.de\/index.php?rest_route=%2Fwp%2Fv2%2Fcomments&post=59"}],"version-history":[{"count":20,"href":"https:\/\/magische-nordlichter.de\/index.php?rest_route=\/wp\/v2\/pages\/59\/revisions"}],"predecessor-version":[{"id":1105,"href":"https:\/\/magische-nordlichter.de\/index.php?rest_route=\/wp\/v2\/pages\/59\/revisions\/1105"}],"wp:attachment":[{"href":"https:\/\/magische-nordlichter.de\/index.php?rest_route=%2Fwp%2Fv2%2Fmedia&parent=59"}],"curies":[{"name":"wp","href":"https:\/\/api.w.org\/{rel}","templated":true}]}}