{"id":126,"date":"2021-11-17T23:03:23","date_gmt":"2021-11-17T22:03:23","guid":{"rendered":"https:\/\/magische-nordlichter.de\/?page_id=126"},"modified":"2025-11-26T14:48:49","modified_gmt":"2025-11-26T13:48:49","slug":"regelmaessige-veranstaltungen","status":"publish","type":"page","link":"https:\/\/magische-nordlichter.de\/?page_id=126","title":{"rendered":"Regelm\u00e4\u00dfige Veranstaltungen"},"content":{"rendered":"\n<p>Als Verein veranstalten wir nur unregelm\u00e4\u00dfig Shows f\u00fcr die \u00d6ffentlichkeit. Aber es gibt in Hamburg und Umgebung dennoch viel Zauberkunst zu erleben, auf die wir hier hinweisen m\u00f6chten.<br>Die Liste erhebt keinen Anspruch auf Vollst\u00e4ndigkeit und wir profitieren als Verein nicht von der Verlinkung dieser Angebote. Wir weisen nur zur F\u00f6rderung der Zauberkunst in unserer Region auf diese Angebote hin.<\/p>\n\n\n\n<figure class=\"wp-block-table is-style-stripes event-table\"><table class=\"has-dark-gray-color has-white-background-color has-text-color has-background\"><thead><tr><th>Veranstaltung<\/th><th>Ort<\/th><\/tr><\/thead><tbody><tr><td><strong>Jan Logemann<\/strong><br>Der Weltmeister der Kartenkunst 2012-2015 zeigt jede Woche sein atemberaubendes Abendprogramm im s\u00fc\u00dfen, kleinen Zaubertheater &#8222;Magiculum&#8220;. In intimer Atmosph\u00e4re mit ca. 20 G\u00e4sten pro Show erlebt man hier Weltklasse-Zauberkunst quasi direkt unter der Nasenspitze.<br>Infos unter:<br><a href=\"https:\/\/janlogemann.de\/\" data-type=\"URL\" data-id=\"https:\/\/janlogemann.de\/\" target=\"_blank\" rel=\"noreferrer noopener\">janlogemann.de\/<\/a><\/td><td>Magiculum<br>R\u00f6ntgenstr. 61<br>22335 Hamburg<\/td><\/tr><tr><td><strong>Wunderkontor<\/strong><br>J\u00f6rg Borrmann verzaubert mit seinem Wunderkontor die Hafencity. In gem\u00fctlicher Atmosph\u00e4re und bester Lage ist vielf\u00e4ltige Zauberkunst zu bestaunen.<br>Infos unter:<br><a href=\"https:\/\/wunderkontor.de\/\" data-type=\"URL\" data-id=\"https:\/\/wunderkontor.de\/\" target=\"_blank\" rel=\"noreferrer noopener\">wunderkontor.de<\/a><\/td><td>Hongkongstr. 1<br>Boden 5, Hafencity<br>20457 Hamburg<\/td><\/tr><tr><td><strong>Zaubermuseum Bellachini<\/strong><br>Deutschlands erstes Zaubermuseum befindet sich am Hansaplatz im Herzen der Stadt. Die von Wittus Witt sorgf\u00e4ltig kuratierte Sammlung bietet einen Einblick in die faszinierende Geschichte der Zauberkunst.<br>\u00d6ffnungszeiten:<br>Freitag bis Sonntag von 11:00-18:00 Uhr<br>Donnerstags von 11:00-21:00 Uhr<br>Infos unter:<br><a rel=\"noreferrer noopener\" href=\"https:\/\/www.hamburger-zaubermuseum.com\" data-type=\"URL\" data-id=\"https:\/\/www.hamburger-zaubermuseum.com\" target=\"_blank\">hamburger-zaubermuseum.com<\/a><\/td><td>Zaubermuseum Bellachini<br>Hansaplatz 8<br>20099 Hamburg<\/td><\/tr><tr><td><strong>Zauber-Salon<\/strong><br>Das Zaubermuseum Bellachini verwandelt sich regelm\u00e4\u00dfig in den Zauber-Salon.<br>Jeden Freitag um 20:00 Uhr gibt es 70 Minuten Salonzauberei vom Zauberk\u00fcnstler, Galeristen, Historiker, Autor und Herausgeber <strong>Wittus Witt<\/strong>. Ein Name, den in der Zauberwelt jeder kennt und sch\u00e4tzt.<br>Und jeden Donnerstag um 20:00 Uhr spielt <strong>Dr. Alex Romanoff<\/strong> sein Programm &#8222;Art of Impossible&#8220;.<br>Gelegentlich treten weitere spannende Gastk\u00fcnstler im Zaubersalon auf. Es lohnt sich also, sich auf der Internetseite \u00fcber die anstehenden Veranstaltungen zu informieren.<br>Infos unter:<br><a href=\"http:\/\/www.wittuswitt.de\/Aktuell.html\" target=\"_blank\" rel=\"noreferrer noopener\">wittuswitt.de<\/a><\/td><td>Zaubermuseum Bellachini<br>Hansaplatz 8<br>20099 Hamburg<\/td><\/tr><tr><td><strong>Magischer Zirkel Hamburg e.V.<\/strong><br>Der traditionsreiche Hamburger Zauberverein ist auch Betreiber des liebevoll gestalteten, kleinen Zaubertheaters Magiculum. Die regelm\u00e4\u00dfig stattfindenden G\u00e4steabende werden von den Mitgliedern gestaltet und sind dementsprechend abwechslungsreich.<br>Infos unter:<br><a rel=\"noreferrer noopener\" href=\"https:\/\/www.mz-hamburg.de\" data-type=\"URL\" data-id=\"https:\/\/www.mz-hamburg.de\" target=\"_blank\">mz-hamburg.de<\/a><\/td><td>Magiculum<br>R\u00f6ntgenstr. 61<br>22335 Hamburg <\/td><\/tr><tr><td><strong>Zaubertheater L\u00fcbeck<\/strong><br>Auch in L\u00fcbeck gibt es ein kleines Zaubertheater, das von Roland Henning mit viel Leidenschaft und Herzblut betrieben wird und sich gro\u00dfer Beliebtheit erfreut.<br>Infos unter:<br><a rel=\"noreferrer noopener\" href=\"https:\/\/www.zaubertheater-luebeck.de\" data-type=\"URL\" data-id=\"https:\/\/www.zaubertheater-luebeck.de\" target=\"_blank\">zaubertheater-luebeck.de<\/a><\/td><td>Zaubertheater L\u00fcbeck<br>Beckergrube 87<br>23552 L\u00fcbeck<\/td><\/tr><tr><td><strong>Eins, zwei, drei, Zauberei!<\/strong><br>Unter diesem Motto bietet Wolfgang Buhr zweimal im Jahr Zauberkurse in Hamburg-Niendorf an.<br><img loading=\"lazy\" decoding=\"async\" width=\"400\" height=\"578\" class=\"wp-image-308\" style=\"width: 400px;\" src=\"https:\/\/magische-nordlichter.de\/wp-content\/uploads\/2021\/11\/Wolfgang_Buhr_ZaubKurs_Bild.jpg\" alt=\"\" srcset=\"https:\/\/magische-nordlichter.de\/wp-content\/uploads\/2021\/11\/Wolfgang_Buhr_ZaubKurs_Bild.jpg 720w, https:\/\/magische-nordlichter.de\/wp-content\/uploads\/2021\/11\/Wolfgang_Buhr_ZaubKurs_Bild-208x300.jpg 208w, https:\/\/magische-nordlichter.de\/wp-content\/uploads\/2021\/11\/Wolfgang_Buhr_ZaubKurs_Bild-709x1024.jpg 709w\" sizes=\"auto, (max-width: 400px) 85vw, 400px\" \/><br>Die Termine werden im <a href=\"https:\/\/buergerhaus-niendorf.de\/kultur-natur\/\" data-type=\"URL\" data-id=\"https:\/\/buergerhaus-niendorf.de\/kultur-natur\/\" target=\"_blank\" rel=\"noreferrer noopener\">Veranstaltungsprogramm<\/a> des Berenberg-Gossler-Hauses und unserem <a href=\"https:\/\/magische-nordlichter.de\/?page_id=69\" data-type=\"link\" data-id=\"https:\/\/magische-nordlichter.de\/?page_id=69\" target=\"_blank\" rel=\"noreferrer noopener\">Veranstaltungskalender<\/a> bekannt gegeben.<\/td><td>Berenberg-Gossler-Haus<br>Niendorfer-Kirchenweg 17<br>22459 Hamburg<\/td><\/tr><\/tbody><\/table><\/figure>\n\n\n\n<p><\/p>\n","protected":false},"excerpt":{"rendered":"<p>Als Verein veranstalten wir nur unregelm\u00e4\u00dfig Shows f\u00fcr die \u00d6ffentlichkeit. Aber es gibt in Hamburg und Umgebung dennoch viel Zauberkunst zu erleben, auf die wir hier hinweisen m\u00f6chten.Die Liste erhebt keinen Anspruch auf Vollst\u00e4ndigkeit und wir profitieren als Verein nicht von der Verlinkung dieser Angebote. Wir weisen nur zur F\u00f6rderung der Zauberkunst in unserer Region &hellip; <a href=\"https:\/\/magische-nordlichter.de\/?page_id=126\" class=\"more-link\"><span class=\"screen-reader-text\">\u201eRegelm\u00e4\u00dfige Veranstaltungen\u201c <\/span>weiterlesen<\/a><\/p>\n","protected":false},"author":1,"featured_media":0,"parent":0,"menu_order":0,"comment_status":"closed","ping_status":"closed","template":"","meta":{"footnotes":""},"class_list":["post-126","page","type-page","status-publish","hentry"],"publishpress_future_workflow_manual_trigger":{"enabledWorkflows":[]},"_links":{"self":[{"href":"https:\/\/magische-nordlichter.de\/index.php?rest_route=\/wp\/v2\/pages\/126","targetHints":{"allow":["GET"]}}],"collection":[{"href":"https:\/\/magische-nordlichter.de\/index.php?rest_route=\/wp\/v2\/pages"}],"about":[{"href":"https:\/\/magische-nordlichter.de\/index.php?rest_route=\/wp\/v2\/types\/page"}],"author":[{"embeddable":true,"href":"https:\/\/magische-nordlichter.de\/index.php?rest_route=\/wp\/v2\/users\/1"}],"replies":[{"embeddable":true,"href":"https:\/\/magische-nordlichter.de\/index.php?rest_route=%2Fwp%2Fv2%2Fcomments&post=126"}],"version-history":[{"count":22,"href":"https:\/\/magische-nordlichter.de\/index.php?rest_route=\/wp\/v2\/pages\/126\/revisions"}],"predecessor-version":[{"id":1200,"href":"https:\/\/magische-nordlichter.de\/index.php?rest_route=\/wp\/v2\/pages\/126\/revisions\/1200"}],"wp:attachment":[{"href":"https:\/\/magische-nordlichter.de\/index.php?rest_route=%2Fwp%2Fv2%2Fmedia&parent=126"}],"curies":[{"name":"wp","href":"https:\/\/api.w.org\/{rel}","templated":true}]}}