{"id":124,"date":"2021-11-17T23:03:03","date_gmt":"2021-11-17T22:03:03","guid":{"rendered":"https:\/\/magische-nordlichter.de\/?page_id=124"},"modified":"2022-03-19T13:29:13","modified_gmt":"2022-03-19T12:29:13","slug":"veranstaltungen-2","status":"publish","type":"page","link":"https:\/\/magische-nordlichter.de\/?page_id=124","title":{"rendered":"Veranstaltungen"},"content":{"rendered":"\n<p>Hier findest du Hinweise auf unsere Vereinstreffen, aber auch auf viele andere Zauberveranstaltungen in und um Hamburg.<\/p>\n\n\n\n<h3 class=\"wp-block-heading\" id=\"veranstaltungskalender\"><a href=\"https:\/\/magische-nordlichter.de\/?page_id=69\">Veranstaltungskalender<\/a><\/h3>\n\n\n\n<p>Der Veranstaltungskalender zeigt dir die kommenden Vereinstreffen sowie Hinweise auf andere Zauberveranstaltungen.<\/p>\n\n\n\n<h3 class=\"wp-block-heading\" id=\"regelmassige-veranstaltungen\"><a href=\"https:\/\/magische-nordlichter.de\/?page_id=126\" data-type=\"URL\" data-id=\"https:\/\/magische-nordlichter.de\/?page_id=126\">Regelm\u00e4\u00dfige Veranstaltungen<\/a><\/h3>\n\n\n\n<p>Als Verein veranstalten wir nur unregelm\u00e4\u00dfig Shows f\u00fcr die \u00d6ffentlichkeit. Aber es gibt in Hamburg und Umgebung dennoch viel Zauberkunst zu erleben, auf die wir hier hinweisen m\u00f6chten.<\/p>\n","protected":false},"excerpt":{"rendered":"<p>Hier findest du Hinweise auf unsere Vereinstreffen, aber auch auf viele andere Zauberveranstaltungen in und um Hamburg. Veranstaltungskalender Der Veranstaltungskalender zeigt dir die kommenden Vereinstreffen sowie Hinweise auf andere Zauberveranstaltungen. Regelm\u00e4\u00dfige Veranstaltungen Als Verein veranstalten wir nur unregelm\u00e4\u00dfig Shows f\u00fcr die \u00d6ffentlichkeit. Aber es gibt in Hamburg und Umgebung dennoch viel Zauberkunst zu erleben, auf &hellip; <a href=\"https:\/\/magische-nordlichter.de\/?page_id=124\" class=\"more-link\"><span class=\"screen-reader-text\">\u201eVeranstaltungen\u201c <\/span>weiterlesen<\/a><\/p>\n","protected":false},"author":1,"featured_media":0,"parent":0,"menu_order":0,"comment_status":"closed","ping_status":"closed","template":"","meta":{"footnotes":""},"class_list":["post-124","page","type-page","status-publish","hentry"],"publishpress_future_workflow_manual_trigger":{"enabledWorkflows":[]},"_links":{"self":[{"href":"https:\/\/magische-nordlichter.de\/index.php?rest_route=\/wp\/v2\/pages\/124","targetHints":{"allow":["GET"]}}],"collection":[{"href":"https:\/\/magische-nordlichter.de\/index.php?rest_route=\/wp\/v2\/pages"}],"about":[{"href":"https:\/\/magische-nordlichter.de\/index.php?rest_route=\/wp\/v2\/types\/page"}],"author":[{"embeddable":true,"href":"https:\/\/magische-nordlichter.de\/index.php?rest_route=\/wp\/v2\/users\/1"}],"replies":[{"embeddable":true,"href":"https:\/\/magische-nordlichter.de\/index.php?rest_route=%2Fwp%2Fv2%2Fcomments&post=124"}],"version-history":[{"count":7,"href":"https:\/\/magische-nordlichter.de\/index.php?rest_route=\/wp\/v2\/pages\/124\/revisions"}],"predecessor-version":[{"id":468,"href":"https:\/\/magische-nordlichter.de\/index.php?rest_route=\/wp\/v2\/pages\/124\/revisions\/468"}],"wp:attachment":[{"href":"https:\/\/magische-nordlichter.de\/index.php?rest_route=%2Fwp%2Fv2%2Fmedia&parent=124"}],"curies":[{"name":"wp","href":"https:\/\/api.w.org\/{rel}","templated":true}]}}